{"id":205,"date":"2023-03-02T13:03:20","date_gmt":"2023-03-02T13:03:20","guid":{"rendered":"http:\/\/transporteselmere.com\/?page_id=205"},"modified":"2023-03-02T14:42:14","modified_gmt":"2023-03-02T14:42:14","slug":"politica-de-privacidad-sitio-webtransportes-el-mere","status":"publish","type":"page","link":"https:\/\/transporteselmere.com\/?page_id=205","title":{"rendered":"POL\u00cdTICA DE PRIVACIDAD SITIO WEB \u201dTRANSPORTES EL MERE\u201d"},"content":{"rendered":"\n<p><strong>Corresponsables del tratamiento:<\/strong><\/p>\n\n\n\n<ul class=\"wp-block-list\"><li>DOLORES GARCIA VELAZQUEZ 28918661W,<\/li><li>ANTONIO GARCIA VELAZQUEZ 28889763S,<\/li><li>HERMENEGILDO GARCIA VELAZQUEZ 34044453Z<\/li><li>Se encuentran inscritos como empresarios individuales, agrup\u00e1ndose para el desarrollo de la actividad empresarial de la categor\u00eda del CNAE 4941 &#8211; Transporte de mercanc\u00edas por carretera, bajo la denominaci\u00f3n comercial de <strong>\u201cTRANSPORTES EL MERE.\u201d<\/strong><strong><\/strong><\/li><li>Domicilio en C\/ALCALA DEL RIO N\u00ba 30, Brenes (Sevilla)<\/li><li>Tel\u00e9fono.- 615411725<\/li><li>transmere@hotmail.com<\/li><\/ul>\n\n\n\n<p>En cumplimiento del Reglamento (UE) 2016\/679 General de Protecci\u00f3n de Datos y la LOPDGDD 3\/2018 de 5 de Diciembre, pone de manifiesto la presente pol\u00edtica para el tratamiento y protecci\u00f3n de datos personales.<\/p>\n\n\n\n<p><strong>Datos identificativos de los Corresponsables<\/strong><\/p>\n\n\n\n<p>En cumplimiento del art\u00edculo 10 de la Ley 34\/2002, de 11 de julio, de Servicios de la Sociedad de la Informaci\u00f3n y Comercio Electr\u00f3nico (LSSICE) a continuaci\u00f3n se detallan los datos identificativos de los corresponsables del tratamiento:<\/p>\n\n\n\n<figure class=\"wp-block-table\"><table><tbody><tr><td>DOLORES GARCIA VELAZQUEZ<\/td><td>28918661W<\/td><td>C\/ ALCALA DEL RIO N\u00ba 32<\/td><td>BRENES<\/td><td>41310<\/td><td>SEVILLA<\/td><\/tr><tr><td>ANTONIO GARCIA VELAZQUEZ<\/td><td>28889763S<\/td><td>C\/ALCALA DEL RIO N\u00ba 30<\/td><td>BRENES<\/td><td>41310<\/td><td>SEVILLA<\/td><\/tr><tr><td>HERMENEGILDO GARCIA VELAZQUEZ<\/td><td>34044453Z<\/td><td>C\/ANTONIO GONZALEZ ABATO 18<\/td><td>BRENES<\/td><td>41310<\/td><td>SEVILLA<\/td><\/tr><\/tbody><\/table><\/figure>\n\n\n\n<ul class=\"wp-block-list\"><li>En la web&nbsp; www.transporteselmere.com hay una serie de contenidos de car\u00e1cter informativo sobre los servicios que presta y objetivos empresariales.<\/li><\/ul>\n\n\n\n<p><strong>Finalidad de los tratamientos<\/strong><\/p>\n\n\n\n<ul class=\"wp-block-list\"><li>TRANSPORTES EL MERE informa a los usuarios de la existencia de varios tratamientos y ficheros en los que se recogen los datos comunicados cuyas finalidades son las siguientes:<\/li><li>Las cookies son ficheros con informaci\u00f3n que se almacenan en el disco duro o la memoria temporal del ordenador del usuario, con el fin de comunicarse entre el ordenador que visita el sitio web y el servidor del sitio web, y seguir la navegaci\u00f3n por medio del sitio web, facilitando la navegabilidad y el acceso a los contenidos. Las cookies asocian un equipo que accede al sitio web, no facilitando datos identificativos salvo que se utilicen \u00e9stas en el acceso a los contenidos mediante el registro con un nombre de usuario y contrase\u00f1a. El usuario puede configurar su navegador para autorizar que cookies se almacenan o no en su ordenador, pudiendo ser estas de sesi\u00f3n, que se consultan durante el tiempo de navegaci\u00f3n por la p\u00e1gina web, o permanentes que se graban y consultan en cada acceso a una p\u00e1gina web hasta la caducidad de dicha cookie. \u201cTRANSPORTES EL MERE\u201d&nbsp;&nbsp;en su sitio web no utiliza cookies permanentes y s\u00ed cookies de sesi\u00f3n, con el fin de seguir la navegabilidad y facilitar el acceso a los contenidos del sitio web, pudiendo el usuario configurar su navegador para no grabarse estas cookies, no estando limitado el acceso a ning\u00fan contenido del sitio web si no se aceptan las cookies. La web de \u201cTRANSPORTES EL MERE\u201d&nbsp;puede usar motores de an\u00e1lisis como Google analytics de Google para analizar d\u00f3nde van los usuarios cuando visitan la Web.<\/li><li>En el caso del env\u00edo de un correo electr\u00f3nico a \u201cTRANSPORTES EL MERE\u201d o de una comunicaci\u00f3n de datos personales a trav\u00e9s de otras v\u00edas, como formularios de contacto, la finalidad de la recogida y tratamiento de dichos datos por parte de \u201cTRANSPORTES EL MERE\u201d es la atenci\u00f3n de las consultas y solicitudes de informaci\u00f3n que se planteen sobre los productos o servicios que presta \u201cTRANSPORTES EL MERE\u201d.<\/li><li>En el caso de los formularios de \u201cTRANSPORTES EL MERE\u201d&nbsp;que los interesados cumplimenten para participar en alguna acci\u00f3n comercial de \u201cTRANSPORTES EL MERE\u201d, la finalidad ser\u00e1 la de posibilitar dicha participaci\u00f3n, as\u00ed como el env\u00edo de comunicaciones comerciales y publicitarias sobre servicios de \u201cTRANSPORTES EL MERE\u201d&nbsp; siempre que el interesado expresamente as\u00ed lo manifieste en el mismo momento de la recogida de datos.<\/li><li>En la contrataci\u00f3n de servicio de \u201cTRANSPORTES EL MERE\u201d se recoger\u00e1n \u00fanicamente los datos personales que fueran necesarios para establecer la relaci\u00f3n contractual y posibilitar la prestaci\u00f3n de servicios y remuneraci\u00f3n de los mismos por parte de los clientes. Particularmente, este tipo de datos ser\u00e1 recabado para las siguientes&nbsp;<strong>finalidades concretas<\/strong>:<\/li><\/ul>\n\n\n\n<p>a) Mantenimiento de la relaci\u00f3n contractual que se establezca con el cliente, de conformidad con la naturaleza y caracter\u00edsticas de los servicios contratados contactando \u201cTRANSPORTES EL MERE\u201d con el cliente a trav\u00e9s de la direcci\u00f3n de correo electr\u00f3nico, tel\u00e9fono u otros medios indicados por este \u00faltimo.<\/p>\n\n\n\n<p>b) Para el env\u00edo de documentaci\u00f3n e informaci\u00f3n relacionada con los servicios contratados.<\/p>\n\n\n\n<p>c) Para el almacenamiento de registros hist\u00f3ricos de las relaciones comerciales durante los plazos legalmente establecidos.<\/p>\n\n\n\n<p>d) Para todas aquellas otras finalidades, que de forma expresa aparezcan recogidas en las condiciones espec\u00edficas que sean de aplicaci\u00f3n al servicio correspondiente contratado por el cliente y aceptadas por este.<\/p>\n\n\n\n<p>En cumplimiento de los dispuesto en la ley 25\/2007 de 18 de octubre, de conservaci\u00f3n de datos relativos a las comunicaciones electr\u00f3nicas y a las redes p\u00fablicas de comunicaciones, \u201cTRANSPORTES EL MERE\u201d informa al usuario que se proceder\u00e1 a retener y conservar determinados datos de tr\u00e1fico generados durante el desarrollo de las comunicaciones, as\u00ed como en su caso, a comunicar dichos datos a los \u00b4\u00f3rganos competentes siempre que concurran las circunstancias legales previstas por la ley.<\/p>\n\n\n\n<p>&nbsp;\u201dTRANSPORTES EL MERE\u201d le informa que sus datos de car\u00e1cter personal, ser\u00e1n objeto de tratamiento con la \u00fanica finalidad para la que ha sido contratada, siendo incorporados a un sistema de tratamiento de datos mixto, as\u00ed como a efectos de gestionar los contactos de nuestra empresa, y enviarle comunicaci\u00f3n empresarial, profesional y\/o personal v\u00eda electr\u00f3nica, de conformidad con el art\u00edculo 21 de la LSSI.<\/p>\n\n\n\n<p><strong>Legitimaci\u00f3n<\/strong><\/p>\n\n\n\n<p>La base legal para poder dar respuesta a la petici\u00f3n o consulta del cliente y\/o usuario y hacer un seguimiento posterior ser\u00e1 el consentimiento de la persona que los proporciona al aceptar la pol\u00edtica de privacidad de la web, articulo 6 de la LOPDGDD, en relaci\u00f3n con 4.11 del Reglamento (UE) 2016\/679.<\/p>\n\n\n\n<p>El hecho de facilitar los datos es voluntario, aunque, en caso de no hacerlo, no se podr\u00e1 responder a la solicitud, consulta o reclamaci\u00f3n. Por tanto, la comunicaci\u00f3n de sus datos personales a estos efectos es un requisito necesario para que podamos atender las peticiones formuladas por esta v\u00eda.<\/p>\n\n\n\n<p>La base legal para el tratamiento de sus datos es:<\/p>\n\n\n\n<p>La ejecuci\u00f3n de la prestaci\u00f3n del servicio correspondiente, siendo necesaria la entrega de los datos ya que, de lo contrario, no podr\u00e1n ofrecerse los servicios solicitados. En cualquier caso, el tratamiento de los datos de los clientes para realizar informes estad\u00edsticos (estudios de mercado) se basa en el inter\u00e9s leg\u00edtimo de la compa\u00f1\u00eda, el cual se considera prevalente, en la medida en la que no se tratar\u00e1n m\u00e1s datos que los facilitados por los usuarios con el \u00fanico fin de poder mejorar con respecto a los servicios ofrecidos por la entidad. Adicionalmente, los informes estad\u00edsticos no contendr\u00e1n datos personales de los usuarios, estando anonimizados.<\/p>\n\n\n\n<ul class=\"wp-block-list\"><li>La base legal para el env\u00edo de encuestas y realizaci\u00f3n de testeos de productos y servicios por parte de los clientes es el inter\u00e9s leg\u00edtimo empresarial. Dicho inter\u00e9s leg\u00edtimo se considera prevalente, ya que \u00fanicamente se tratar\u00e1n datos de contacto de clientes de la entidad con el \u00fanico fin de que manifiesten sus opiniones sobre los productos o servicios de \u201cTRANSPORTES EL MERE\u201d. La informaci\u00f3n obtenida ser\u00e1 eliminada una vez se elabore el informe correspondiente, que en ning\u00fan caso contendr\u00e1 datos personales. En cualquier caso, la autorizaci\u00f3n para tratar sus datos con este fin es voluntaria y su negativa s\u00f3lo tendr\u00eda como consecuencia el hecho de que usted no recibir\u00eda estas encuestas o ser\u00eda destinatario de los testeos solicitados por la Compa\u00f1\u00eda. No obstante, le recordamos que tienes derecho a oponerse a este tratamiento de sus datos, pudiendo hacerlo por cualquiera de los medios descritos en esta Pol\u00edtica.<\/li><li>En cualquier caso, el consentimiento otorgado podr\u00e1 ser revocado en cualquier momento, si bien ello no afectar\u00e1 a la licitud de los datos tratados con anterioridad. Las categor\u00edas de datos tratadas son las que se solicitan en el formulario a trav\u00e9s del cual nos facilita sus datos.<\/li><\/ul>\n\n\n\n<p><strong>Medidas que se toman en el tratamiento de datos personales<\/strong><\/p>\n\n\n\n<p>\u201cTRANSPORTES EL MERE\u201d se compromete en la utilizaci\u00f3n de los datos personales facilitados conforme a las finalidades indicadas en esta Pol\u00edtica de privacidad, garantizando la seguridad y confidencialidad de los datos de car\u00e1cter personal que le sean facilitados. A tal fin, tiene implantadas las medidas de seguridad de \u00edndole t\u00e9cnica y organizativa que son necesarias para evitar su alteraci\u00f3n, p\u00e9rdida, tratamiento o acceso no autorizados, de acuerdo con lo establecido en la normativa aplicable.<\/p>\n\n\n\n<p><strong>Destinatarios<\/strong><\/p>\n\n\n\n<p>A este respecto, le comunicamos que \u201cTRANSPORTES EL MERE\u201d no tiene previsto realizar cesiones de sus datos personales, salvo, por cumplimiento y obligaci\u00f3n legal asimismo, no realizar\u00e1 transferencias internacionales de sus datos.<\/p>\n\n\n\n<p><strong>Derechos de los interesados<\/strong><\/p>\n\n\n\n<p>Se informa de sus derechos acceder a sus datos, rectificarlos, suprimirlos, limitar u oponerse a su tratamiento, a su portabilidad, a retirar su consentimiento y a presentar reclamaciones ante la Autoridad de Control (Agencia Espa\u00f1ola de Protecci\u00f3n de Datos); para ello no tendr\u00e1 m\u00e1s que solicitarlo mediante cualquiera de v\u00edas de contacto arriba indicados (tel\u00e9fono, email o por escrito). Si lo desea, puede solicitar una copia completa de nuestra Pol\u00edtica de Privacidad y Protecci\u00f3n de Datos por email dirigi\u00e9ndolo a la direcci\u00f3n transmere@hotmail.com o directamente en nuestras oficinas o consultarla en p\u00e1gina web WWW.TRANSPORTESELMERE.COM<\/p>\n\n\n\n<p>Con car\u00e1cter general las relaciones entre \u201cTRANSPORTES EL MERE\u201d y los Usuarios de sus servicios telem\u00e1ticos, presentes en este sitio web, se encuentran sometidas a la legislaci\u00f3n y jurisdicci\u00f3n espa\u00f1olas.<\/p>\n\n\n\n<p>Las partes se someten, para la resoluci\u00f3n de los conflictos y con renuncia a cualquier otro fuero, a los juzgados y tribunales del domicilio de Sevilla.<\/p>\n\n\n\n<p>El uso de sus datos en las condiciones anteriormente descritas est\u00e1 permitido por la normativa de protecci\u00f3n de datos europea y espa\u00f1ola de conformidad con las siguientes bases jur\u00eddicas:<\/p>\n\n\n\n<ul class=\"wp-block-list\"><li>Usted ha manifestado su consentimiento (se le ha presentado un formulario de consentimiento para que autorice el tratamiento de sus datos con determinadas finalidades)<\/li><li>Usted puede revocar el consentimiento prestado en todo momento remitiendo correo electr\u00f3nico a la direcci\u00f3n transmere@hotmail.com<\/li><li>El tratamiento de sus datos es necesario para la gesti\u00f3n y mantenimiento de un contrato suscrito con usted y para cumplir con nuestras obligaciones legales.<\/li><\/ul>\n\n\n\n<p>Utilizamos sus datos para conseguir un inter\u00e9s leg\u00edtimo y nuestros motivos para hacerlo compensen los posibles perjuicios para sus derechos a la protecci\u00f3n de sus datos.<\/p>\n\n\n\n<p>&nbsp;\u201cTRANSPORTES EL MERE\u201d le informa que sus datos de car\u00e1cter personal, ser\u00e1n objeto de tratamiento mixto en nuestros ficheros, con la finalidad de gestionar los contactos de nuestra empresa, a los efectos de enviarle comunicaci\u00f3n empresarial, profesional y\/o personal v\u00eda electr\u00f3nica.<\/p>\n\n\n\n<p><strong>Plazo de conservaci\u00f3n de los datos personales<\/strong><\/p>\n\n\n\n<p>Los datos personales proporcionados se conservar\u00e1n mientras que se mantenga la relaci\u00f3n contractual, no se solicite su supresi\u00f3n por el interesado y no deban eliminarse por ser necesarios para el cumplimiento de una obligaci\u00f3n legal o para la formulaci\u00f3n, ejercicio y defensa de reclamaciones. Si el interesado revoca su consentimiento o ejercita los derechos de cancelaci\u00f3n o supresi\u00f3n, sus datos se conservar\u00e1n bloqueados a disposici\u00f3n de la Administraci\u00f3n de Justicia durante los plazos establecidos legalmente para atender a las posibles responsabilidades nacidas del tratamiento de los mismos.<\/p>\n\n\n\n<p><strong>Derechos<\/strong><\/p>\n\n\n\n<p>Cualquier persona tiene derecho a obtener confirmaci\u00f3n sobre si en \u201cTRANSPORTES EL MERE\u201d estamos tratando datos personales que nos conciernen o no. Las personas interesadas tienen derecho a:<\/p>\n\n\n\n<ol class=\"wp-block-list\" type=\"a\"><li>Solicitar el acceso a los datos personales relativos al interesado.<\/li><li>Solicitar su rectificaci\u00f3n<\/li><li>Solicitar supresi\u00f3n u olvido.<\/li><li>Solicitar la limitaci\u00f3n de su tratamiento.<\/li><li>Oponerse al tratamiento.<\/li><li>Solicitar la portabilidad de los datos.<\/li><li>Los interesados podr\u00e1n acceder a sus datos personales, as\u00ed como a solicitar la rectificaci\u00f3n de datos inexactos o, en su caso, a solicitar su supresi\u00f3n cuando, entre otros motivos, los datos ya no sean necesarios para los fines que fueron recogidos, remetiendo correo electr\u00f3nico a transmere@hotmail.com<\/li><li>En determinadas circunstancias, los interesados podr\u00e1n solicitar la limitaci\u00f3n del tratamiento de sus datos, en cuyo caso, \u00fanicamente los conservaremos para el ejercicio o la defensa de reclamaciones.<\/li><\/ol>\n\n\n\n<p>Asimismo, para el ejercicio de los derechos mencionados en este apartado, usted puede ejercer sus derechos mediante comunicaci\u00f3n escrita dirigida a:<\/p>\n\n\n\n<figure class=\"wp-block-table\"><table><tbody><tr><td><strong>\u201cTRANSPORTES EL MERE\u201d SERVICIOS DE PREVENCION S.L<\/strong><\/td><\/tr><tr><td>c\/Alcal\u00e1 del rio n\u00ba 30, Brenes (Sevilla)<strong><\/strong><\/td><\/tr><tr><td>transmere@hotmail.com<strong><\/strong><\/td><\/tr><\/tbody><\/table><\/figure>\n\n\n\n<p><strong>Autoridad de Control<\/strong><\/p>\n\n\n\n<p>Los usuarios y\/o clientes podr\u00e1n dirigirse a la Agencia Espa\u00f1ola de Protecci\u00f3n de Datos si consideran que el tratamiento realizado respecto a sus datos personales no ha sido realizado con respeto a la legislaci\u00f3n vigente, cuyos datos de contacto se encuentran disponibles en la propia web de la agencia www.agpd.es.<\/p>\n\n\n\n<p><strong>Transferencias Internacionales de Datos<\/strong>.<\/p>\n\n\n\n<p>Si para la prestaci\u00f3n de los servicios contratados por los clientes precisara la transferencia internacional de sus datos , esta circunstancia vendr\u00e1 recogida en las condiciones espec\u00edficas que sean de aplicaci\u00f3n al producto o servicio correspondiente y deber\u00e1n ser aceptadas expresamente por este de forma previa a la propia transferencia de los datos.<\/p>\n\n\n\n<p><strong>Uso y acceso de usuarios<\/strong><\/p>\n\n\n\n<p>El Usuario queda informado, y acepta, que el acceso a la presente web no supone, en modo alguno, el inicio de una relaci\u00f3n comercial con \u201cTRANSPORTES EL MERE\u201d o cualquiera de sus delegaciones.<\/p>\n\n\n\n<p><strong>Propiedad intelectual e industrial<\/strong><\/p>\n\n\n\n<p>Los derechos de propiedad intelectual del contenido de las p\u00e1ginas web, su dise\u00f1o gr\u00e1fico y c\u00f3digos son titularidad de \u201cTRANSPORTES EL MERE\u201d y, por tanto, queda prohibida su reproducci\u00f3n, distribuci\u00f3n, comunicaci\u00f3n p\u00fablica, transformaci\u00f3n o cualquier otra actividad que se pueda realizar con los contenidos de sus p\u00e1ginas web ni aun citando las fuentes, salvo consentimiento por escrito de \u201cTRANSPORTES EL MERE\u201d<\/p>\n\n\n\n<p><strong>Contenidos de la web y enlaces (links)<\/strong><\/p>\n\n\n\n<p>\u201cTRANSPORTES EL MERE\u201d se reserva el derecho a actualizar, modificar o eliminar la informaci\u00f3n contenida en sus p\u00e1ginas web pudiendo incluso limitar o no permitir el acceso a dicha informaci\u00f3n a ciertos usuarios.<\/p>\n\n\n\n<p>\u201cTRANSPORTES EL MERE\u201d no asume responsabilidad alguna por la informaci\u00f3n contenida en p\u00e1ginas web de terceros a las que se pueda acceder por \u00ablinks\u00bb o enlaces desde cualquier p\u00e1gina web propiedad de \u201cTRANSPORTES EL MERE\u201d La presencia de \u00ablinks\u00bb o enlaces en las p\u00e1ginas web de \u201cTRANSPORTES EL MERE\u201d tiene finalidad meramente informativa y en ning\u00fan caso supone sugerencia, invitaci\u00f3n o recomendaci\u00f3n sobre los mismos.<\/p>\n\n\n\n<p><strong>\u201cTRANSPORTES EL MERE\u201d como encargado del tratamiento.<\/strong><\/p>\n\n\n\n<p>\u201cTRANSPORTES EL MERE\u201d tratar\u00e1 los datos personales respecto a los cuales el cliente ostentar\u00e1 la condici\u00f3n de responsable o encargado del tratamiento cuando ello resulte necesario para la adecuada prestaci\u00f3n de los servicios contratados. En dicho caso, \u201cTRANSPORTES EL MERE\u201d actuar\u00e1 como encargado del tratamiento, conforme a los t\u00e9rminos que a continuaci\u00f3n se indican:<\/p>\n\n\n\n<p>\u201cTRANSPORTES EL MERE\u201d \u00fanicamente tratar\u00e1 los datos conforme a las instrucciones del cliente responsable o encargado del tratamiento, no utiliz\u00e1ndolos para un fin distinto al que figura en la presente pol\u00edtica de protecci\u00f3n de datos y\/o en las condiciones contractuales que sean de aplicaci\u00f3n.<\/p>\n\n\n\n<p>Cumplida la prestaci\u00f3n de los servicios que motiven el tratamiento de los datos personales, estos ser\u00e1n destruidos al igual que cualquier soporte o documentos en los que conste alg\u00fan dato de car\u00e1cter personal o cualquier tipo de informaci\u00f3n que se haya generado durante, para y\/o por la prestaci\u00f3n de los servicios objeto de las correspondientes condiciones. No obstante,<\/p>\n\n\n\n<p>\u201cTRANSPORTES EL MERE\u201d podr\u00e1 mantener debidamente bloqueados los citados datos durante el periodo en el cual se puedan derivar responsabilidades de su relaci\u00f3n con el cliente.<\/p>\n\n\n\n<p>\u201cTRANSPORTES EL MERE\u201d se obliga a mantener el debido secreto profesional respecto de los datos personales a los que deba acceder y\/o tratar con el fin de cumplir en cada caso con el objeto de las condiciones del servicio que le sean de aplicaci\u00f3n, tanto durante como despu\u00e9s de la terminaci\u00f3n de los mismos, comprometi\u00e9ndose a utilizar dicha informaci\u00f3n \u00fanicamente para la finalidad prevista en cada caso ya a exigir el mismo nivel de compromiso a cualquier persona que dentro de su organizaci\u00f3n participe en cualquier fase del tratamiento de los datos personales responsabilidad del cliente.<\/p>\n\n\n\n<p>El acceso y\/o tratamiento a los datos por parte de \u201cTRANSPORTES EL MERE\u201d, sin perjuicio de las disposiciones legales o reglamentarias espec\u00edficas vigentes que pudieran resultar de aplicaci\u00f3n en cada caso o las que por propia iniciativa adopte LA EMPRESA, estar\u00e1 sometido a las medidas de seguridad necesarias para:<\/p>\n\n\n\n<p>1. Garantizar la confidencialidad, integridad, disponibilidad y resiliencia permanente en los sistemas y servicios del tratamiento.<\/p>\n\n\n\n<p>2. Restaurar la disponibilidad y el acceso a los datos personales de forma r\u00e1pida, en caso de incidente f\u00edsico o t\u00e9cnico.<\/p>\n\n\n\n<p>3. Verificar, evaluar y valorar, de forma regular, la eficacia de las medidas t\u00e9cnicas y organizativas implantadas para garantizar la seguridad del tratamiento.<\/p>\n\n\n\n<p>4. Seudonimizar y cifrar los datos personales, en su caso.<\/p>\n\n\n\n<p>El cliente autoriza a \u201cTRANSPORTES EL MERE\u201d en su calidad de encargado del tratamiento, a subcontratar a terceros, en nombre y por cuenta del cliente, los servicios de almacenamiento, custodia de las copias de respaldo de datos y seguridad, y aquellos que fueran necesarios para posibilitar la prestaci\u00f3n de los servicios contratados, respetando en todo caso las obligaciones impuestas por el RGPD y su normativa de desarrollo. En cualquier momento, el cliente podr\u00e1 dirigirse a \u201cTRANSPORTES EL MERE\u201d para conocer la identidad de las entidades subcontratadas para la prestaci\u00f3n de los servicios indicados, las cuales actuar\u00e1n de conformidad con los t\u00e9rminos previstos en este documento y previa formalizaci\u00f3n con \u201cTRANSPORTES EL MERE\u201d de un contrato de tratamiento de datos conforme a la normativa de aplicaci\u00f3n vigente.<\/p>\n\n\n\n<p>El cliente autoriza a \u201cTRANSPORTES EL MERE\u201d a realizar las acciones que se indican a continuaci\u00f3n, siempre que sean necesarias para la ejecuci\u00f3n de la prestaci\u00f3n de los servicios. Dicha autorizaci\u00f3n queda limitada a las actuaciones necesarias para la prestaci\u00f3n de cada servicio y con una duraci\u00f3n m\u00e1xima vinculada a la vigencia de las condiciones contractuales aplicables:<\/p>\n\n\n\n<p>1. A llevar a cabo el tratamiento de los datos personales en dispositivos port\u00e1tiles \u00fanicamente por los usuarios o perfiles de usuarios asignados a la prestaci\u00f3n de los servicios.<\/p>\n\n\n\n<p>2. A llevar a cabo el tratamiento fuera de los locales del cliente o de \u201cTRANSPORTES EL MERE\u201d, \u00fanicamente por los usuarios o perfiles de usuarios asignados a la prestaci\u00f3n de los servicios.<\/p>\n\n\n\n<p>3. La entrada y salida de soportes y documentos que contengan datos personales, incluidos los comprendidos y\/o anejos a un correo electr\u00f3nico, fuera de los locales bajo el control del cliente responsable del tratamiento.<\/p>\n\n\n\n<p>4. La ejecuci\u00f3n de los procedimientos de recuperaci\u00f3n de datos que \u201cTRANSPORTES EL MERE\u201d se vea obligada a realizar.<\/p>\n\n\n\n<p>\u201cTRANSPORTES EL MERE\u201d no se hace responsable del incumplimiento de las obligaciones legales en protecci\u00f3n de datos personales por parte del usuario y\/o cliente en lo que a su actividad le corresponda y que se encuentre relacionado con la ejecuci\u00f3n del contrato o relaciones comerciales que le unan a \u201cTRANSPORTES EL MERE\u201d. Cada parte deber\u00e1 hacer frente a la responsabilidad que se derive de su propio incumplimiento de las obligaciones contractuales y de la propia normativa.<\/p>\n\n\n\n<p><strong>Decisiones automatizadas<\/strong><\/p>\n\n\n\n<p>\u201cTRANSPORTES EL MERE\u201d no tomar\u00e1 decisiones automatizadas, perfiles \u00f3 l\u00f3gica aplicada a sus datos.<\/p>\n","protected":false},"excerpt":{"rendered":"<p>Corresponsables del tratamiento: DOLORES GARCIA VELAZQUEZ 28918661W, ANTONIO GARCIA VELAZQUEZ 28889763S, HERMENEGILDO GARCIA VELAZQUEZ 34044453Z Se encuentran inscritos como empresarios individuales, agrup\u00e1ndose para el desarrollo de la actividad empresarial de la categor\u00eda del CNAE 4941 &#8211; Transporte de mercanc\u00edas por carretera, bajo la denominaci\u00f3n comercial de \u201cTRANSPORTES EL MERE.\u201d Domicilio en C\/ALCALA DEL RIO N\u00ba<\/p>\n","protected":false},"author":1,"featured_media":0,"parent":0,"menu_order":0,"comment_status":"closed","ping_status":"closed","template":"fullwidth.php","meta":{"footnotes":""},"class_list":["post-205","page","type-page","status-publish","hentry"],"_links":{"self":[{"href":"https:\/\/transporteselmere.com\/index.php?rest_route=\/wp\/v2\/pages\/205","targetHints":{"allow":["GET"]}}],"collection":[{"href":"https:\/\/transporteselmere.com\/index.php?rest_route=\/wp\/v2\/pages"}],"about":[{"href":"https:\/\/transporteselmere.com\/index.php?rest_route=\/wp\/v2\/types\/page"}],"author":[{"embeddable":true,"href":"https:\/\/transporteselmere.com\/index.php?rest_route=\/wp\/v2\/users\/1"}],"replies":[{"embeddable":true,"href":"https:\/\/transporteselmere.com\/index.php?rest_route=%2Fwp%2Fv2%2Fcomments&post=205"}],"version-history":[{"count":2,"href":"https:\/\/transporteselmere.com\/index.php?rest_route=\/wp\/v2\/pages\/205\/revisions"}],"predecessor-version":[{"id":210,"href":"https:\/\/transporteselmere.com\/index.php?rest_route=\/wp\/v2\/pages\/205\/revisions\/210"}],"wp:attachment":[{"href":"https:\/\/transporteselmere.com\/index.php?rest_route=%2Fwp%2Fv2%2Fmedia&parent=205"}],"curies":[{"name":"wp","href":"https:\/\/api.w.org\/{rel}","templated":true}]}}