{"id":212,"date":"2023-03-15T11:00:43","date_gmt":"2023-03-15T11:00:43","guid":{"rendered":"http:\/\/transporteselmere.com\/?page_id=212"},"modified":"2025-02-18T12:50:36","modified_gmt":"2025-02-18T12:50:36","slug":"aviso-legal-transportes-el-mere","status":"publish","type":"page","link":"https:\/\/transporteselmere.com\/?page_id=212","title":{"rendered":"AVISO LEGAL \u201cTRANSPORTES EL MERE\u201d"},"content":{"rendered":"\n<p><strong>DATOS DE LOS CORRESPONSABLES DEL TRATAMIENTO<\/strong><\/p>\n\n\n\n<p><strong>Corresponsables<\/strong><\/p>\n\n\n\n<p>En cumplimiento del art\u00edculo 10 de la Ley 34\/2002, de 11 de julio, de Servicios de la Sociedad de la Informaci\u00f3n y Comercio Electr\u00f3nico (LSSICE) a continuaci\u00f3n se detallan los datos identificativos de los corresponsables del tratamiento:<\/p>\n\n\n\n<figure class=\"wp-block-table is-style-regular\"><table><tbody><tr><td>DOLORES GARCIA VELAZQUEZ<\/td><td>28918661W<\/td><td>C\/ ALCALA DEL RIO N\u00ba 32<\/td><td>BRENES<\/td><td>41310<\/td><td>SEVILLA<\/td><\/tr><tr><td>ANTONIO GARCIA VELAZQUEZ<\/td><td>28889763S<\/td><td>C\/ALCALA DEL RIO N\u00ba 30<\/td><td>BRENES<\/td><td>41310<\/td><td>SEVILLA<\/td><\/tr><tr><td>HERMENEGILDO GARCIA VELAZQUEZ<\/td><td>34044453Z<\/td><td>C\/ANTONIO GONZALEZ ABATO 18<\/td><td>BRENES<\/td><td>41310<\/td><td>SEVILLA<\/td><\/tr><\/tbody><\/table><\/figure>\n\n\n\n<p>Se encuentran inscritos como empresarios individuales, agrup\u00e1ndose para el desarrollo de la actividad empresarial de la categor\u00eda del CNAE 4941 &#8211; Transporte de mercanc\u00edas por carretera, bajo la denominaci\u00f3n comercial de \u201cTRANSPORTES EL MERE.\u201d<\/p>\n\n\n\n<ul class=\"wp-block-list\"><li>Domicilio en C\/ALCALA DEL RIO N\u00ba 30, Brenes (Sevilla)<\/li><li>Tel\u00e9fono.- 615411725<\/li><li>administracion@transporteselmere.com<\/li><\/ul>\n\n\n\n<p>El acceso y uso del sitio web&nbsp;WWW.TRANSPORTESELMERE.COM son gratuitos y requiere la aceptaci\u00f3n de la siguiente Pol\u00edtica de Uso y de la Pol\u00edtica de Privacidad y Protecci\u00f3n de Datos Personales.<\/p>\n\n\n\n<p>En dicha web&nbsp;se&nbsp;facilita&nbsp;a los clientes y al p\u00fablico en general, la informaci\u00f3n relativa a la agrupaci\u00f3n empresarial con intereses econ\u00f3mica de personas f\u00edsicas y los servicios que se ofrecen.<\/p>\n\n\n\n<p>Para cualquier consulta o contacto con el Titular el usuario puede comunicarse a trav\u00e9s del siguiente n\u00famero de tel\u00e9fono 615411725 y direcci\u00f3n de correo electr\u00f3nico\u00a0administracion@transporteselmere.com inform\u00e1ndole\u00a0de la posibilidad de ejercer los derechos de acceso, rectificaci\u00f3n, supresi\u00f3n, olvido y oposici\u00f3n de sus datos de car\u00e1cter personal mediante email a dicha direcci\u00f3n de correo electr\u00f3nico.<\/p>\n\n\n\n<p>TRASNPORTES EL MERE se exime de cualquier tipo de responsabilidad derivada de la informaci\u00f3n publicada por terceros en este Sitio Web, no se hace responsable de la informaci\u00f3n y contenidos almacenados en foros, redes sociales o cualesquier otro medio que permita a terceros publicar contenidos de forma independiente en la p\u00e1gina web del prestador; al igual que no asume ning\u00fan tipo de responsabilidad respecto al incorrecto funcionamiento de este Sitio Web.&nbsp;<\/p>\n","protected":false},"excerpt":{"rendered":"<p>DATOS DE LOS CORRESPONSABLES DEL TRATAMIENTO Corresponsables En cumplimiento del art\u00edculo 10 de la Ley 34\/2002, de 11 de julio, de Servicios de la Sociedad de la Informaci\u00f3n y Comercio Electr\u00f3nico (LSSICE) a continuaci\u00f3n se detallan los datos identificativos de los corresponsables del tratamiento: DOLORES GARCIA VELAZQUEZ 28918661W C\/ ALCALA DEL RIO N\u00ba 32 BRENES<\/p>\n","protected":false},"author":1,"featured_media":0,"parent":0,"menu_order":0,"comment_status":"closed","ping_status":"closed","template":"fullwidth.php","meta":{"footnotes":""},"class_list":["post-212","page","type-page","status-publish","hentry"],"_links":{"self":[{"href":"https:\/\/transporteselmere.com\/index.php?rest_route=\/wp\/v2\/pages\/212","targetHints":{"allow":["GET"]}}],"collection":[{"href":"https:\/\/transporteselmere.com\/index.php?rest_route=\/wp\/v2\/pages"}],"about":[{"href":"https:\/\/transporteselmere.com\/index.php?rest_route=\/wp\/v2\/types\/page"}],"author":[{"embeddable":true,"href":"https:\/\/transporteselmere.com\/index.php?rest_route=\/wp\/v2\/users\/1"}],"replies":[{"embeddable":true,"href":"https:\/\/transporteselmere.com\/index.php?rest_route=%2Fwp%2Fv2%2Fcomments&post=212"}],"version-history":[{"count":3,"href":"https:\/\/transporteselmere.com\/index.php?rest_route=\/wp\/v2\/pages\/212\/revisions"}],"predecessor-version":[{"id":252,"href":"https:\/\/transporteselmere.com\/index.php?rest_route=\/wp\/v2\/pages\/212\/revisions\/252"}],"wp:attachment":[{"href":"https:\/\/transporteselmere.com\/index.php?rest_route=%2Fwp%2Fv2%2Fmedia&parent=212"}],"curies":[{"name":"wp","href":"https:\/\/api.w.org\/{rel}","templated":true}]}}