{"id":223,"date":"2023-05-22T08:56:58","date_gmt":"2023-05-22T08:56:58","guid":{"rendered":"http:\/\/transporteselmere.com\/?page_id=223"},"modified":"2023-05-22T08:59:00","modified_gmt":"2023-05-22T08:59:00","slug":"politica-de-uso","status":"publish","type":"page","link":"https:\/\/transporteselmere.com\/?page_id=223","title":{"rendered":"POLITICA DE USO"},"content":{"rendered":"\n<p><strong>POLITICA DE USO \u201cTRANSPORTES EL MERE\u201d<\/strong><\/p>\n\n\n\n<ol class=\"wp-block-list\" type=\"1\"><li><strong>&nbsp;&nbsp;Objeto.<\/strong><\/li><\/ol>\n\n\n\n<p>Esta Pol\u00edtica de Uso (en adelante las Condiciones) tiene por objeto regular los t\u00e9rminos en que el usuario podr\u00e1 tener acceso y utilizar la URL&nbsp;www.transporteselmere.com (en adelante el Sitio Web), siendo usuario del Sitio Web, cualquier persona f\u00edsica que acceda, visualice y\/o utilice los contenidos del Sitio Web, debiendo ser esta persona f\u00edsica, mayor de edad y no estar incapacitada para poder aceptar y obligarse con los t\u00e9rminos y condiciones del Sitio Web, no siendo el Titular responsable de las actuaciones del menor o incapaz.<\/p>\n\n\n\n<p>El usuario es conocedor de que el acceso y utilizaci\u00f3n de los servicios y contenidos del Sitio Web se realizan bajo su \u00fanica y exclusiva responsabilidad.<\/p>\n\n\n\n<p>El usuario deber\u00e1 disponer de una conexi\u00f3n a Internet y un navegador para poder acceder a los contenidos y servicios del Sitio Web.<\/p>\n\n\n\n<p>2. <strong>Aceptaci\u00f3n de las Condiciones.<\/strong><\/p>\n\n\n\n<p>El Titular informa al usuario de las presentes Condiciones que son aceptadas expresa y plenamente por el usuario por el mero hecho de acceder al Sitio Web, visualizar los contenidos y\/o utilizar los servicios contenidos en el Sitio Web.<\/p>\n\n\n\n<p>Si estas Condiciones fueran sustituidas por otras en todo o en parte, las nuevas condiciones, se entender\u00e1n aceptadas de forma id\u00e9ntica a la expuesta.<\/p>\n\n\n\n<p>No obstante, el usuario del Sitio Web deber\u00e1 acceder a estas Condiciones de forma peri\u00f3dica para conocer las sucesivas versiones que se incluyan aqu\u00ed, aunque se recomienda que el usuario acceda a las mismas cada vez que pretenda acceder o hacer uso de los servicios y contenidos del Sitio Web.<\/p>\n\n\n\n<p>En caso de que el usuario no acepte estas Condiciones o el contenido destinado a los usuarios del Sitio Web y que el Titular determine, el usuario deber\u00e1 abstenerse de acceder, visualizar, usar y facilitar informaci\u00f3n al Sitio Web.<\/p>\n\n\n\n<p>Los servicios y contenidos ofrecidos en el Sitio Web estar\u00e1n disponibles en espa\u00f1ol, sin perjuicio de la posibilidad \u2013a reserva del Titular- de ofrecer los mismos en idiomas auton\u00f3micos oficiales as\u00ed como en otro idioma hablado en la Uni\u00f3n Europea y se rigen por la ley espa\u00f1ola. <\/p>\n\n\n\n<p>3. <strong>Derechos y Obligaciones del Usuario.<\/strong><\/p>\n\n\n\n<p>El usuario tendr\u00e1 derecho a:<\/p>\n\n\n\n<p>a. Acceder de forma gratuita a los contenidos y servicios del Sitio Web;<\/p>\n\n\n\n<p>b. Utilizar los servicios y contenidos disponibles para su uso exclusivamente particular;<\/p>\n\n\n\n<p>c. Descargar una \u00fanica copia del Sitio Web para su visualizaci\u00f3n \u201coff-line\u201d con fines personales y no comerciales;<\/p>\n\n\n\n<p>d. Hacer un uso correcto y l\u00edcito del sitio, de conformidad con la legislaci\u00f3n vigente, la moral, las buenas costumbres y el orden p\u00fablico.<\/p>\n\n\n\n<p>En ning\u00fan caso el usuario podr\u00e1:<\/p>\n\n\n\n<p>a. Acceder y utilizar los servicios y contenidos del Sitio Web para la comisi\u00f3n de acciones il\u00edcitas o de forma contraria a las condiciones de uso, a la legislaci\u00f3n vigente, la moral, las buenas costumbres y el orden p\u00fablico, con fines lesivos de derechos \u2013y muy especialmente los derechos fundamentales y libertades p\u00fablicas- del Titular y\/o de terceros, o que puedan perjudicar, da\u00f1ar o impedir por cualquier forma, el acceso a los mismos, en perjuicio del Titular y\/o de terceros;<\/p>\n\n\n\n<p>b. Utilizar los servicios, total o parcialmente, para promocionar, vender, contratar, divulgar publicidad o informaci\u00f3n propia o de terceras personas sin autorizaci\u00f3n previa y por escrito del Titular;<\/p>\n\n\n\n<p>c. Emplear cualquier tipo de virus inform\u00e1tico, c\u00f3digo, software, programa inform\u00e1tico, equipo inform\u00e1tico o de telecomunicaciones, que puedan provocar da\u00f1os o alteraciones no autorizadas de los contenidos, programas o sistemas accesibles a trav\u00e9s de los servicios y contenidos prestados en el sitio web o en los sistemas de informaci\u00f3n, archivos y equipos inform\u00e1ticos de los usuarios de los mismos;<\/p>\n\n\n\n<p>d. Incluir en sitios web de su responsabilidad o propiedad \u201cmetatags\u201d correspondientes a marcas, nombres comerciales o signos distintivos propiedad del Titular. <\/p>\n\n\n\n<p>4.<strong>Derechos del Titular.<\/strong><\/p>\n\n\n\n<p>El Titular se reserva los siguientes derechos:<\/p>\n\n\n\n<p>i. Modificar los contenidos, servicios y las condiciones de acceso al Sitio Web, t\u00e9cnicas o no, de forma unilateral y sin preaviso a los usuarios;<\/p>\n\n\n\n<p>ii. Establecer condiciones particulares y, en su caso, la exigencia de un precio u otros requisitos para el acceso a determinados servicios y\/o contenidos;<\/p>\n\n\n\n<p>iii. Finalizar la prestaci\u00f3n de un servicio o suministro de un contenido, sin derecho a indemnizaci\u00f3n, cuando su utilizaci\u00f3n por los usuarios devenga il\u00edcito o contrario a lo establecido en las condiciones que lo regulan;<\/p>\n\n\n\n<p>iv. Iniciar cualquier acci\u00f3n legal o judicial que resulte conveniente para la protecci\u00f3n de los derechos del Titular o de terceros que presten sus servicios o contenidos a trav\u00e9s del Sitio Web, si procede;<\/p>\n\n\n\n<p>v. Exigir la indemnizaci\u00f3n que pudiera derivarse del uso indebido o il\u00edcito de todo o parte de los servicios y contenidos prestados a trav\u00e9s del Sitio Web. <\/p>\n\n\n\n<p>5. <strong>Exenci\u00f3n y Limitaci\u00f3n de Responsabilidad del Titular.<\/strong><\/p>\n\n\n\n<p>El Titular queda exento de cualquier tipo de responsabilidad por p\u00e9rdida, perjuicios o da\u00f1os (tanto directos como indirectos, consecuentes, accesorios o cuantificables) que se deriven o est\u00e9n relacionados con el uso del Sitio Web por los usuarios, incluidas, entre otras:<\/p>\n\n\n\n<p>&nbsp;(a) por la imposibilidad o dificultades de conexi\u00f3n a la ENGLOBA de comunicaciones a trav\u00e9s de la que resulta accesible este Portal, independientemente de la clase de conexi\u00f3n utilizada por el usuario;<\/p>\n\n\n\n<p>&nbsp;(b) por la interrupci\u00f3n, suspensi\u00f3n o cancelaci\u00f3n del acceso al Sitio Web, as\u00ed como por la disponibilidad y continuidad del funcionamiento del Sitio Web o de los servicios y\/o contenidos en el mismo, cuando ello se deba bien a la interrupci\u00f3n del servicio por mantenimiento t\u00e9cnico de la web o bien a una causa ajena al \u00e1mbito de control del Titular, ya provenga directa o indirectamente de \u00e9ste. <\/p>\n\n\n\n<p>6. <strong>Propiedad intelectual e industrial.<\/strong><\/p>\n\n\n\n<p>El usuario conoce que los contenidos y servicios ofrecidos en el Sitio Web -incluyendo textos, gr\u00e1ficos, im\u00e1genes, animaciones, creaciones musicales, v\u00eddeos, sonidos, dibujos, fotograf\u00edas, todos los comentarios, exposiciones, aplicaciones inform\u00e1ticas, bases de datos y c\u00f3digo del mismo, sin que esta enumeraci\u00f3n tenga car\u00e1cter limitativo- se encuentran protegidos por las leyes de propiedad intelectual. El derecho de autor y de explotaci\u00f3n econ\u00f3mica del Sitio Web corresponde en exclusiva al Titular. Respecto a los contenidos incluidos en el Sitio Web, los derechos de autor y de explotaci\u00f3n econ\u00f3mica son propiedad del Titular o, en su caso, de terceras personas o entidades, y en ambos casos se encuentran protegidos por las leyes vigentes de propiedad intelectual. Las marcas, nombres comerciales o signos distintivos que aparecen en el Sitio Web son propiedad del Titular o, en su caso, de terceras entidades, y se encuentran protegidos por las leyes vigentes de propiedad industrial.<\/p>\n\n\n\n<p>La prestaci\u00f3n de los servicios y publicaci\u00f3n de los contenidos a trav\u00e9s del Sitio Web no implicar\u00e1 en ning\u00fan caso la cesi\u00f3n, renuncia o transmisi\u00f3n, total o parcial de la titularidad de los correspondientes derechos de propiedad intelectual e industrial por el Titular y\/o sus terceros leg\u00edtimos titulares.<\/p>\n\n\n\n<p>Ninguna parte de este Sitio Web puede ser reproducido, distribuido, transmitido, copiado, comunicado p\u00fablicamente, transformado, en todo o en parte mediante ning\u00fan sistema o m\u00e9todo manual, electr\u00f3nico o mec\u00e1nico (incluyendo el fotocopiado, grabaci\u00f3n o cualquier sistema de recuperaci\u00f3n y almacenamiento de informaci\u00f3n) a trav\u00e9s de cualquier soporte actualmente conocido o que se invente en el futuro, sin la autorizaci\u00f3n previa y escrita del Titular y\/o de terceros leg\u00edtimos titulares. <\/p>\n\n\n\n<p>7. <strong>Hiperenlaces.<\/strong><\/p>\n\n\n\n<p>El uso de hiperenlaces al Sitio Web \u00fanicamente ser\u00e1 autorizado de forma escrita por el Titular y siempre que el hiperenlace se realice en los siguientes t\u00e9rminos previstos en estas Condiciones: (a) el enlace deber\u00e1 permitir \u00fanicamente el acceso a la p\u00e1gina de inicio de este Sitio Web; (b) con el prop\u00f3sito de evitar la confusi\u00f3n de los usuarios de la web se proh\u00edbe cargar cualquier p\u00e1gina perteneciente al Sitio Web en una de las secciones de otra p\u00e1gina web dividida en marcos, de forma que provoque una distorsi\u00f3n en la presentaci\u00f3n de este Sitio Web induciendo a la confusi\u00f3n de los usuarios de Internet (\u201cframing\u201d); (c) la autorizaci\u00f3n para insertar un enlace no presupone, en ning\u00fan caso, un consentimiento para reproducir los aspectos visuales y funcionales (\u201clook and feel\u201d) del Sitio Web; (d) asimismo se proh\u00edbe expl\u00edcitamente la creaci\u00f3n de un entorno o barra de navegaci\u00f3n sobre las p\u00e1ginas que componen el Sitio Web, sin autorizaci\u00f3n previa; (e) aspecto del enlace: el hiperenlace solo podr\u00e1 consistir en un texto. Para el uso de gr\u00e1ficos o logos deber\u00e1 obtenerse previamente una licencia de uso de los gr\u00e1ficos o logos del Titular. En todo caso, el texto deber\u00e1 expresar rotundamente que enlaza con el Sitio Web. Con car\u00e1cter general, el aspecto, el efecto visual, la ubicaci\u00f3n y, en general, las caracter\u00edsticas del hiperenlace deber\u00e1n evidenciar que el mismo conduce al Sitio Web del Titular y que \u00e9ste es independiente y no est\u00e1 unido por una relaci\u00f3n, ni de colaboraci\u00f3n, asociaci\u00f3n, patrocinio, laboral ni de ning\u00fan otro tipo, a la p\u00e1gina web que contiene el hiperenlace; (f) cualquier p\u00e1gina web que contenga un hiperenlace al Sitio Web deber\u00e1 respetar ineludiblemente estas Condiciones, caracterizarse por ser hiperenlaces leales y l\u00edcitos y cumplir cualesquiera disposiciones legales aplicables y las exigencias de la moral y las buenas costumbres generalmente aceptadas; (g) en especial, la autorizaci\u00f3n para la inserci\u00f3n de hiperenlaces al Sitio Web estar\u00e1 condicionada al respeto por la dignidad y la libertad humana. El sitio web en el que se establezca el hiperenlace no contendr\u00e1 informaciones o contenidos il\u00edcitos, contrarios a la moral y a las buenas costumbres y al orden p\u00fablico, as\u00ed como tampoco contendr\u00e1 contenidos contrarios a cualesquiera derechos de terceros; (h) y por \u00faltimo, queda prohibido insertar hiperenlaces al Sitio Web en p\u00e1ginas web con contenidos, alusiones u orientaci\u00f3n contrarios o no compatibles con los que inspira el Titular. <\/p>\n\n\n\n<p>8. <strong>Duraci\u00f3n y Terminaci\u00f3n.<\/strong><\/p>\n\n\n\n<p>TRANSPORTES EL MERE conservar\u00e1 los datos de sus clientes mientras dure su relaci\u00f3n contractual y posteriormente a la misma, se conservar\u00e1n debidamente bloqueados mientras sean necesarios para el cumplimiento de una obligaci\u00f3n legal o para la formulaci\u00f3n, ejercicio y defensa de reclamaciones. Para el env\u00edo de comunicaciones comerciales, TRANSPORTES EL MERE podr\u00e1 conservar los datos de los Usuarios hasta que estos revoquen el consentimiento o se opongan al tratamiento para recibir dichas comunicaciones. <\/p>\n\n\n\n<p>9. <strong>Ley vigente y jurisdicci\u00f3n.<\/strong><\/p>\n\n\n\n<p>Estas Condiciones y cualquier demanda, litigio o acci\u00f3n de todo tipo (tanto contractual como extracontractual) derivada o en relaci\u00f3n con las presentes Condiciones, se regir\u00e1n e interpretar\u00e1n de conformidad con la legislaci\u00f3n espa\u00f1ola. Por las presentes Condiciones, el usuario se somete irrevocablemente a la jurisdicci\u00f3n exclusiva de los tribunales y juzgados de Sevilla (Espa\u00f1a) respecto de cualesquiera acciones que se deriven de estas Condiciones (tanto contractuales como extracontractuales).<\/p>\n","protected":false},"excerpt":{"rendered":"<p>POLITICA DE USO \u201cTRANSPORTES EL MERE\u201d &nbsp;&nbsp;Objeto. Esta Pol\u00edtica de Uso (en adelante las Condiciones) tiene por objeto regular los t\u00e9rminos en que el usuario podr\u00e1 tener acceso y utilizar la URL&nbsp;www.transporteselmere.com (en adelante el Sitio Web), siendo usuario del Sitio Web, cualquier persona f\u00edsica que acceda, visualice y\/o utilice los contenidos del Sitio Web,<\/p>\n","protected":false},"author":1,"featured_media":0,"parent":0,"menu_order":0,"comment_status":"closed","ping_status":"closed","template":"fullwidth.php","meta":{"footnotes":""},"class_list":["post-223","page","type-page","status-publish","hentry"],"_links":{"self":[{"href":"https:\/\/transporteselmere.com\/index.php?rest_route=\/wp\/v2\/pages\/223","targetHints":{"allow":["GET"]}}],"collection":[{"href":"https:\/\/transporteselmere.com\/index.php?rest_route=\/wp\/v2\/pages"}],"about":[{"href":"https:\/\/transporteselmere.com\/index.php?rest_route=\/wp\/v2\/types\/page"}],"author":[{"embeddable":true,"href":"https:\/\/transporteselmere.com\/index.php?rest_route=\/wp\/v2\/users\/1"}],"replies":[{"embeddable":true,"href":"https:\/\/transporteselmere.com\/index.php?rest_route=%2Fwp%2Fv2%2Fcomments&post=223"}],"version-history":[{"count":2,"href":"https:\/\/transporteselmere.com\/index.php?rest_route=\/wp\/v2\/pages\/223\/revisions"}],"predecessor-version":[{"id":226,"href":"https:\/\/transporteselmere.com\/index.php?rest_route=\/wp\/v2\/pages\/223\/revisions\/226"}],"wp:attachment":[{"href":"https:\/\/transporteselmere.com\/index.php?rest_route=%2Fwp%2Fv2%2Fmedia&parent=223"}],"curies":[{"name":"wp","href":"https:\/\/api.w.org\/{rel}","templated":true}]}}