{"id":33,"date":"2016-02-26T16:03:30","date_gmt":"2016-02-26T16:03:30","guid":{"rendered":"http:\/\/transporteselmere.com\/?page_id=33"},"modified":"2016-03-14T18:01:03","modified_gmt":"2016-03-14T18:01:03","slug":"servicios","status":"publish","type":"page","link":"https:\/\/transporteselmere.com\/?page_id=33","title":{"rendered":"SERVICIOS"},"content":{"rendered":"<h2>Nuestros servicios, Transportes \u00abEL MERE\u00bb.<\/h2>\n<p>&nbsp;<\/p>\n<ul>\n<li><span style=\"color: #000000;\">Transportes Nacionales.<\/span><\/li>\n<li><span style=\"color: #000000;\">Transportes de l\u00edquidos alimentarios.<\/span><\/li>\n<\/ul>\n<p><span style=\"color: #000000;\">\u00a0<\/span><\/p>\n<p>En Transportes \u00abEL MERE, contamos con una flota de 20 tractoras y 20 cisternas de acero inoxidable isot\u00e9rmicas homologadas para el transporte de l\u00edquidos alimenticios, todas ellas cuentan con el certificado ATP. Adem\u00e1s de cisternas tambi\u00e9n contamos con Semi-remolques tauliner y Semi-tauliner.<\/p>\n<p>En Transportes \u00abEL MERE\u00bb, contamos con nuestros propios lavaderos para nuestras cisternas, de manera que podemos responder r\u00e1pidamente a las peticiones realizadas por nuestros clientes. Nuestro lavadero cuenta con el m\u00e1s moderno equipamiento para lavado de cisternas.<\/p>\n<p>&nbsp;<\/p>\n<p><a href=\"http:\/\/transporteselmere.com\/wp-content\/uploads\/2016\/03\/IMG-20160312-WA0053.jpg\"><img loading=\"lazy\" decoding=\"async\" class=\"alignright wp-image-107 size-large\" src=\"http:\/\/transporteselmere.com\/wp-content\/uploads\/2016\/03\/IMG-20160312-WA0053-1024x576.jpg\" alt=\"IMG-20160312-WA0053\" width=\"550\" height=\"309\" srcset=\"https:\/\/transporteselmere.com\/wp-content\/uploads\/2016\/03\/IMG-20160312-WA0053-1024x576.jpg 1024w, https:\/\/transporteselmere.com\/wp-content\/uploads\/2016\/03\/IMG-20160312-WA0053-300x168.jpg 300w, https:\/\/transporteselmere.com\/wp-content\/uploads\/2016\/03\/IMG-20160312-WA0053.jpg 1600w\" sizes=\"auto, (max-width: 550px) 100vw, 550px\" \/><\/a><a href=\"http:\/\/transporteselmere.com\/wp-content\/uploads\/2016\/03\/IMG-20160314-WA0000.jpg\"><img loading=\"lazy\" decoding=\"async\" class=\"alignnone wp-image-135 size-large\" src=\"http:\/\/transporteselmere.com\/wp-content\/uploads\/2016\/03\/IMG-20160314-WA0000-1024x576.jpg\" alt=\"IMG-20160314-WA0000\" width=\"550\" height=\"309\" srcset=\"https:\/\/transporteselmere.com\/wp-content\/uploads\/2016\/03\/IMG-20160314-WA0000-1024x576.jpg 1024w, https:\/\/transporteselmere.com\/wp-content\/uploads\/2016\/03\/IMG-20160314-WA0000-300x168.jpg 300w, https:\/\/transporteselmere.com\/wp-content\/uploads\/2016\/03\/IMG-20160314-WA0000.jpg 1600w\" sizes=\"auto, (max-width: 550px) 100vw, 550px\" \/><\/a><\/p>\n","protected":false},"excerpt":{"rendered":"<p>Nuestros servicios, Transportes \u00abEL MERE\u00bb. &nbsp; Transportes Nacionales. Transportes de l\u00edquidos alimentarios. \u00a0 En Transportes \u00abEL MERE, contamos con una flota de 20 tractoras y 20 cisternas de acero inoxidable isot\u00e9rmicas homologadas para el transporte de l\u00edquidos alimenticios, todas ellas cuentan con el certificado ATP. Adem\u00e1s de cisternas tambi\u00e9n contamos con Semi-remolques tauliner y Semi-tauliner.<\/p>\n","protected":false},"author":1,"featured_media":0,"parent":0,"menu_order":0,"comment_status":"closed","ping_status":"closed","template":"fullwidth.php","meta":{"footnotes":""},"class_list":["post-33","page","type-page","status-publish","hentry"],"_links":{"self":[{"href":"https:\/\/transporteselmere.com\/index.php?rest_route=\/wp\/v2\/pages\/33","targetHints":{"allow":["GET"]}}],"collection":[{"href":"https:\/\/transporteselmere.com\/index.php?rest_route=\/wp\/v2\/pages"}],"about":[{"href":"https:\/\/transporteselmere.com\/index.php?rest_route=\/wp\/v2\/types\/page"}],"author":[{"embeddable":true,"href":"https:\/\/transporteselmere.com\/index.php?rest_route=\/wp\/v2\/users\/1"}],"replies":[{"embeddable":true,"href":"https:\/\/transporteselmere.com\/index.php?rest_route=%2Fwp%2Fv2%2Fcomments&post=33"}],"version-history":[{"count":8,"href":"https:\/\/transporteselmere.com\/index.php?rest_route=\/wp\/v2\/pages\/33\/revisions"}],"predecessor-version":[{"id":144,"href":"https:\/\/transporteselmere.com\/index.php?rest_route=\/wp\/v2\/pages\/33\/revisions\/144"}],"wp:attachment":[{"href":"https:\/\/transporteselmere.com\/index.php?rest_route=%2Fwp%2Fv2%2Fmedia&parent=33"}],"curies":[{"name":"wp","href":"https:\/\/api.w.org\/{rel}","templated":true}]}}